{"id":8485,"date":"2026-05-03T18:20:05","date_gmt":"2026-05-03T18:20:05","guid":{"rendered":"https:\/\/coraxsolutions.com\/?page_id=8485"},"modified":"2026-05-03T18:31:12","modified_gmt":"2026-05-03T18:31:12","slug":"politica-de-privacidad","status":"publish","type":"page","link":"https:\/\/coraxsolutions.com\/en\/politica-de-privacidad\/","title":{"rendered":"Pol\u00edtica de Privacidad"},"content":{"rendered":"<div data-elementor-type=\"wp-page\" data-elementor-id=\"8485\" class=\"elementor elementor-8485\" data-elementor-post-type=\"page\">\n\t\t\t\t\t\t<section class=\"elementor-section elementor-top-section elementor-element elementor-element-a4af452 elementor-section-stretched elementor-section-boxed elementor-section-height-default elementor-section-height-default\" data-id=\"a4af452\" data-element_type=\"section\" data-e-type=\"section\" data-settings=\"{&quot;stretch_section&quot;:&quot;section-stretched&quot;}\">\n\t\t\t\t\t\t<div class=\"elementor-container elementor-column-gap-extended\">\n\t\t\t\t\t<div class=\"elementor-column elementor-col-100 elementor-top-column elementor-element elementor-element-8a900e9\" data-id=\"8a900e9\" data-element_type=\"column\" data-e-type=\"column\">\n\t\t\t<div class=\"elementor-widget-wrap elementor-element-populated\">\n\t\t\t\t\t\t<div class=\"elementor-element elementor-element-d9f918e elementor-invisible elementor-widget elementor-widget-heading\" data-id=\"d9f918e\" data-element_type=\"widget\" data-e-type=\"widget\" data-settings=\"{&quot;_animation&quot;:&quot;slide-right&quot;}\" data-widget_type=\"heading.default\">\n\t\t\t\t\t<h2 class=\"elementor-heading-title elementor-size-default\">\nT\u00e9rminos y Condiciones<\/h2>\t\t\t\t<\/div>\n\t\t\t\t\t<\/div>\n\t\t<\/div>\n\t\t\t\t\t<\/div>\n\t\t<\/section>\n\t\t<div class=\"elementor-element elementor-element-6c2d262 e-flex e-con-boxed e-con e-parent\" data-id=\"6c2d262\" data-element_type=\"container\" data-e-type=\"container\">\n\t\t\t\t\t<div class=\"e-con-inner\">\n\t\t\t\t<div class=\"elementor-element elementor-element-7027460 elementor-invisible elementor-widget elementor-widget-text-editor\" data-id=\"7027460\" data-element_type=\"widget\" data-e-type=\"widget\" data-settings=\"{&quot;_animation&quot;:&quot;slide-left&quot;,&quot;_animation_delay&quot;:100}\" data-widget_type=\"text-editor.default\">\n\t\t\t\t\t\t\t\t\t<div class=\"yPXgy9 YqUfCX inner-box wixui-box\" aria-hidden=\"true\">\u00a0<\/div><div id=\"comp-lksas8b4\" class=\"MMl86N zQ9jDz qvSjx3 Vq6kJx comp-lksas8b4 wixui-rich-text\" data-testid=\"richTextElement\" data-motion-enter=\"done\"><div id=\"comp-lk8sxyr41\" class=\"ku3DBC zQ9jDz qvSjx3 Vq6kJx comp-lk8sxyr41 wixui-rich-text\" data-testid=\"richTextElement\" data-motion-enter=\"done\"><p class=\"font_8 wixui-rich-text__text\"><span class=\"wixui-rich-text__text\">En Corax Solutions, nos comprometemos con la protecci\u00f3n de la privacidad de nuestros visitantes y clientes. Esta Pol\u00edtica de Privacidad detalla los tipos de informaci\u00f3n personal que recopilamos en nuestro sitio web <a class=\"wixui-rich-text__text\" href=\"http:\/\/www.coraxsolutions.com\" target=\"_blank\" rel=\"noreferrer noopener\">www.coraxsolutions.com<\/a>, c\u00f3mo utilizamos esa informaci\u00f3n, y las medidas que adoptamos para protegerla.<\/span><\/p><\/div><div id=\"comp-lksbatan\" class=\"ku3DBC zQ9jDz qvSjx3 Vq6kJx comp-lksbatan wixui-rich-text\" data-testid=\"richTextElement\" data-motion-enter=\"done\"><h2 class=\"font_5 wixui-rich-text__text\"><span class=\"wixui-rich-text__text\">1. Informaci\u00f3n que Recopilamos<\/span><\/h2><\/div><div id=\"comp-lk8sxyqy\" class=\"ku3DBC zQ9jDz qvSjx3 Vq6kJx comp-lk8sxyqy wixui-rich-text\" data-testid=\"richTextElement\" data-motion-enter=\"done\"><p class=\"font_8 wixui-rich-text__text\">Recopilamos informaci\u00f3n personal y no personal de los usuarios a trav\u00e9s de formularios de contacto en nuestro sitio web. La informaci\u00f3n personal incluye, pero no se limita a, nombre, correo electr\u00f3nico, n\u00famero de tel\u00e9fono y direcci\u00f3n. Adem\u00e1s, recopilamos informaci\u00f3n no personal que puede incluir detalles de su navegaci\u00f3n en el sitio, como las p\u00e1ginas visitadas y las interacciones realizadas.<\/p><\/div><div id=\"comp-lk8sxyqt8\" class=\"ku3DBC zQ9jDz qvSjx3 Vq6kJx comp-lk8sxyqt8 wixui-rich-text\" data-testid=\"richTextElement\" data-motion-enter=\"done\"><h2 class=\"font_5 wixui-rich-text__text\"><span class=\"wixui-rich-text__text\">2. Uso de la Informaci\u00f3n<\/span><\/h2><\/div><div id=\"comp-lk8sxyqq5\" class=\"ku3DBC zQ9jDz qvSjx3 Vq6kJx comp-lk8sxyqq5 wixui-rich-text\" data-testid=\"richTextElement\" data-motion-enter=\"done\"><p class=\"font_8 wixui-rich-text__text\">La informaci\u00f3n recopilada se utiliza para los siguientes prop\u00f3sitos:<\/p><ul class=\"font_8 wixui-rich-text__text\"><li class=\"wixui-rich-text__text\"><p class=\"font_8 wixui-rich-text__text\">Para contactar a los usuarios que han completado los formularios de contacto, responder a sus consultas y proporcionar informaci\u00f3n sobre nuestros servicios.<\/p><\/li><li class=\"wixui-rich-text__text\"><p class=\"font_8 wixui-rich-text__text\">Si el usuario se convierte en cliente, utilizamos sus datos para mantener la comunicaci\u00f3n, enviar actualizaciones sobre nuestros servicios y otras informaciones relevantes.<\/p><\/li><li class=\"wixui-rich-text__text\"><p class=\"font_8 wixui-rich-text__text\">Para mejorar la segmentaci\u00f3n de nuestras campa\u00f1as de marketing, lo que nos permite ofrecer contenido m\u00e1s relevante y personalizado a nuestros usuarios y clientes.<\/p><\/li><li class=\"wixui-rich-text__text\"><p class=\"font_8 wixui-rich-text__text\">Para analizar y mejorar la funcionalidad y seguridad de nuestro sitio web, asegurando una mejor experiencia para los usuarios.<\/p><\/li><\/ul><\/div><div id=\"comp-luzy57mw\" class=\"ku3DBC zQ9jDz qvSjx3 Vq6kJx comp-luzy57mw wixui-rich-text\" data-testid=\"richTextElement\" data-motion-enter=\"done\"><h2 class=\"font_5 wixui-rich-text__text\"><span class=\"wixui-rich-text__text\">3. Compartici\u00f3n de Informaci\u00f3n<\/span><\/h2><\/div><div id=\"comp-luzy5fsx\" class=\"ku3DBC zQ9jDz qvSjx3 Vq6kJx comp-luzy5fsx wixui-rich-text\" data-testid=\"richTextElement\" data-motion-enter=\"done\"><p class=\"font_8 wixui-rich-text__text\">No vendemos, comerciamos ni alquilamos su informaci\u00f3n personal a terceros. La informaci\u00f3n recopilada es utilizada exclusivamente para los fines internos descritos en esta pol\u00edtica. Podemos compartir informaci\u00f3n con nuestros proveedores de servicios contratados para realizar funciones en nuestro nombre, como hospedaje web, an\u00e1lisis de datos y otros servicios relevantes; sin embargo, estos proveedores est\u00e1n obligados a utilizar la informaci\u00f3n solo para los servicios contratados y no para otros prop\u00f3sitos.<\/p><\/div><div id=\"comp-luzy68t6\" class=\"ku3DBC zQ9jDz qvSjx3 Vq6kJx comp-luzy68t6 wixui-rich-text\" data-testid=\"richTextElement\" data-motion-enter=\"done\"><h2 class=\"font_5 wixui-rich-text__text\"><span class=\"wixui-rich-text__text\">4. Seguridad de la Informaci\u00f3n<\/span><\/h2><\/div><div id=\"comp-luzy6mau\" class=\"ku3DBC zQ9jDz qvSjx3 Vq6kJx comp-luzy6mau wixui-rich-text\" data-testid=\"richTextElement\" data-motion-enter=\"done\"><p class=\"font_8 wixui-rich-text__text\">Corax Solutions toma medidas de seguridad adecuadas para proteger contra el acceso, alteraci\u00f3n, divulgaci\u00f3n o destrucci\u00f3n no autorizada de su informaci\u00f3n personal. Implementamos protocolos de seguridad tecnol\u00f3gica, f\u00edsica y administrativa para proteger la informaci\u00f3n que recopilamos.<\/p><\/div><div id=\"comp-luzy6yey\" class=\"ku3DBC zQ9jDz qvSjx3 Vq6kJx comp-luzy6yey wixui-rich-text\" data-testid=\"richTextElement\" data-motion-enter=\"done\"><h2 class=\"font_5 wixui-rich-text__text\"><span class=\"wixui-rich-text__text\">5. Derechos del Usuario<\/span><\/h2><\/div><div id=\"comp-luzy75ql\" class=\"ku3DBC zQ9jDz qvSjx3 Vq6kJx comp-luzy75ql wixui-rich-text\" data-testid=\"richTextElement\" data-motion-enter=\"done\"><p class=\"font_8 wixui-rich-text__text\">Los usuarios tienen derecho a acceder, corregir, o eliminar su informaci\u00f3n personal almacenada en nuestros sistemas. Para ejercer estos derechos, o para cualquier consulta relacionada con su informaci\u00f3n personal, por favor cont\u00e1ctenos en\u00a0<a class=\"wixui-rich-text__text\" href=\"mailto:asist@coraxsolutions.com.mx\" data-auto-recognition=\"true\">asist@coraxsolutions.com.mx<\/a><\/p><\/div><div id=\"comp-luzy8vbv\" class=\"ku3DBC zQ9jDz qvSjx3 Vq6kJx comp-luzy8vbv wixui-rich-text\" data-testid=\"richTextElement\" data-motion-enter=\"done\"><h2 class=\"font_5 wixui-rich-text__text\"><span class=\"wixui-rich-text__text\">6. Cambios en la Pol\u00edtica de Privacidad<\/span><\/h2><\/div><div id=\"comp-luzy9495\" class=\"ku3DBC zQ9jDz qvSjx3 Vq6kJx comp-luzy9495 wixui-rich-text\" data-testid=\"richTextElement\" data-motion-enter=\"done\"><p class=\"font_8 wixui-rich-text__text\">Corax Solutions se reserva el derecho de modificar esta pol\u00edtica de privacidad en cualquier momento. Cualquier cambio ser\u00e1 efectivo inmediatamente despu\u00e9s de la publicaci\u00f3n de la pol\u00edtica revisada en nuestro sitio web. Recomendamos a los usuarios revisar esta pol\u00edtica peri\u00f3dicamente para estar informados sobre c\u00f3mo protegemos su informaci\u00f3n.<\/p><\/div><div id=\"comp-luzy9w1f\" class=\"ku3DBC zQ9jDz qvSjx3 Vq6kJx comp-luzy9w1f wixui-rich-text\" data-testid=\"richTextElement\" data-motion-enter=\"done\"><h2 class=\"font_5 wixui-rich-text__text\"><span class=\"wixui-rich-text__text\">7. Contacto<\/span><\/h2><\/div><div id=\"comp-luzyacl6\" class=\"ku3DBC zQ9jDz qvSjx3 Vq6kJx comp-luzyacl6 wixui-rich-text\" data-testid=\"richTextElement\" data-motion-enter=\"done\"><p class=\"font_8 wixui-rich-text__text\">Si tiene preguntas sobre esta pol\u00edtica de privacidad, o sobre el tratamiento de su informaci\u00f3n personal, no dude en contactarnos a trav\u00e9s de\u00a0<a class=\"wixui-rich-text__text\" href=\"mailto:asesor@coraxsolutions.com.mx\" data-auto-recognition=\"true\">asesor@coraxsolutions.com.mx.<\/a><\/p><\/div><\/div>\t\t\t\t\t\t\t\t<\/div>\n\t\t\t\t\t<\/div>\n\t\t\t\t<\/div>\n\t\t\t\t<\/div>","protected":false},"excerpt":{"rendered":"<p>T\u00e9rminos y Condiciones \u00a0 En Corax Solutions, nos comprometemos con la protecci\u00f3n de la privacidad de nuestros visitantes y clientes. Esta Pol\u00edtica de Privacidad detalla los tipos de informaci\u00f3n personal que recopilamos en nuestro sitio web www.coraxsolutions.com, c\u00f3mo utilizamos esa informaci\u00f3n, y las medidas que adoptamos para protegerla. 1. Informaci\u00f3n que Recopilamos Recopilamos informaci\u00f3n personal [&hellip;]<\/p>\n","protected":false},"author":2,"featured_media":0,"parent":0,"menu_order":0,"comment_status":"closed","ping_status":"closed","template":"elementor_canvas","meta":{"_eb_attr":"","content-type":"","_monsterinsights_skip_tracking":false,"_monsterinsights_sitenote_active":false,"_monsterinsights_sitenote_note":"","_monsterinsights_sitenote_category":0,"_joinchat":[],"footnotes":""},"class_list":["post-8485","page","type-page","status-publish","hentry"],"_hostinger_reach_plugin_has_subscription_block":false,"_hostinger_reach_plugin_is_elementor":false,"_links":{"self":[{"href":"https:\/\/coraxsolutions.com\/en\/wp-json\/wp\/v2\/pages\/8485","targetHints":{"allow":["GET"]}}],"collection":[{"href":"https:\/\/coraxsolutions.com\/en\/wp-json\/wp\/v2\/pages"}],"about":[{"href":"https:\/\/coraxsolutions.com\/en\/wp-json\/wp\/v2\/types\/page"}],"author":[{"embeddable":true,"href":"https:\/\/coraxsolutions.com\/en\/wp-json\/wp\/v2\/users\/2"}],"replies":[{"embeddable":true,"href":"https:\/\/coraxsolutions.com\/en\/wp-json\/wp\/v2\/comments?post=8485"}],"version-history":[{"count":0,"href":"https:\/\/coraxsolutions.com\/en\/wp-json\/wp\/v2\/pages\/8485\/revisions"}],"wp:attachment":[{"href":"https:\/\/coraxsolutions.com\/en\/wp-json\/wp\/v2\/media?parent=8485"}],"curies":[{"name":"wp","href":"https:\/\/api.w.org\/{rel}","templated":true}]}}