{"id":8473,"date":"2026-05-03T18:16:21","date_gmt":"2026-05-03T18:16:21","guid":{"rendered":"https:\/\/coraxsolutions.com\/?page_id=8473"},"modified":"2026-05-03T18:31:14","modified_gmt":"2026-05-03T18:31:14","slug":"terminos-y-condiciones","status":"publish","type":"page","link":"https:\/\/coraxsolutions.com\/en\/terminos-y-condiciones\/","title":{"rendered":"T\u00e9rminos y Condiciones"},"content":{"rendered":"<div data-elementor-type=\"wp-page\" data-elementor-id=\"8473\" class=\"elementor elementor-8473\" data-elementor-post-type=\"page\">\n\t\t\t\t\t\t<section class=\"elementor-section elementor-top-section elementor-element elementor-element-a4af452 elementor-section-stretched elementor-section-boxed elementor-section-height-default elementor-section-height-default\" data-id=\"a4af452\" data-element_type=\"section\" data-e-type=\"section\" data-settings=\"{&quot;stretch_section&quot;:&quot;section-stretched&quot;}\">\n\t\t\t\t\t\t<div class=\"elementor-container elementor-column-gap-extended\">\n\t\t\t\t\t<div class=\"elementor-column elementor-col-100 elementor-top-column elementor-element elementor-element-8a900e9\" data-id=\"8a900e9\" data-element_type=\"column\" data-e-type=\"column\">\n\t\t\t<div class=\"elementor-widget-wrap elementor-element-populated\">\n\t\t\t\t\t\t<div class=\"elementor-element elementor-element-d9f918e elementor-invisible elementor-widget elementor-widget-heading\" data-id=\"d9f918e\" data-element_type=\"widget\" data-e-type=\"widget\" data-settings=\"{&quot;_animation&quot;:&quot;slide-right&quot;}\" data-widget_type=\"heading.default\">\n\t\t\t\t\t<h2 class=\"elementor-heading-title elementor-size-default\">\nT\u00e9rminos y Condiciones<\/h2>\t\t\t\t<\/div>\n\t\t\t\t\t<\/div>\n\t\t<\/div>\n\t\t\t\t\t<\/div>\n\t\t<\/section>\n\t\t<div class=\"elementor-element elementor-element-6c2d262 e-flex e-con-boxed e-con e-parent\" data-id=\"6c2d262\" data-element_type=\"container\" data-e-type=\"container\">\n\t\t\t\t\t<div class=\"e-con-inner\">\n\t\t\t\t<div class=\"elementor-element elementor-element-7027460 elementor-invisible elementor-widget elementor-widget-text-editor\" data-id=\"7027460\" data-element_type=\"widget\" data-e-type=\"widget\" data-settings=\"{&quot;_animation&quot;:&quot;slide-left&quot;,&quot;_animation_delay&quot;:100}\" data-widget_type=\"text-editor.default\">\n\t\t\t\t\t\t\t\t\t<div class=\"yPXgy9 YqUfCX inner-box wixui-box\" aria-hidden=\"true\">\u00a0<\/div><div id=\"comp-lksas8b4\" class=\"MMl86N zQ9jDz qvSjx3 Vq6kJx comp-lksas8b4 wixui-rich-text\" data-testid=\"richTextElement\" data-motion-enter=\"done\"><h2 class=\"font_5 wixui-rich-text__text\"><span class=\"wixui-rich-text__text\">A legal disclaimer<\/span><\/h2><\/div><div id=\"comp-lk8sbjdc\" class=\"ku3DBC zQ9jDz qvSjx3 Vq6kJx comp-lk8sbjdc wixui-rich-text\" data-testid=\"richTextElement\" data-motion-enter=\"done\"><p class=\"font_8 wixui-rich-text__text\">Bienvenido a\u00a0<span class=\"wixui-rich-text__text\"><a class=\"wixui-rich-text__text\" href=\"http:\/\/www.coraxsolutions.com\" target=\"_blank\" rel=\"noreferrer noopener\">www.coraxsolutions.com<\/a><\/span><\/p><p class=\"font_8 wixui-rich-text__text\"><span class=\"wixui-rich-text__text\"><span class=\"wixGuard wixui-rich-text__text\">\u200b<\/span><\/span><\/p><p class=\"font_8 wixui-rich-text__text\">Estos t\u00e9rminos y condiciones describen las reglas y regulaciones para el uso del sitio web de Corax Solutions, ubicado en <span class=\"wixui-rich-text__text\"><a class=\"wixui-rich-text__text\" href=\"http:\/\/www.coraxsolutions.com\" target=\"_blank\" rel=\"noreferrer noopener\">www.coraxsolutions.com<\/a>.<\/span><\/p><p class=\"font_8 wixui-rich-text__text\"><span class=\"wixGuard wixui-rich-text__text\">\u200b<\/span><\/p><p class=\"font_8 wixui-rich-text__text\">Al acceder a este sitio web asumimos que aceptas estos t\u00e9rminos y condiciones. No contin\u00faes usando Corax Solutions si no est\u00e1s de acuerdo con todos los t\u00e9rminos y condiciones establecidos en esta p\u00e1gina.<\/p><\/div><div id=\"comp-lk8sb6aw\" class=\"ku3DBC zQ9jDz qvSjx3 Vq6kJx comp-lk8sb6aw wixui-rich-text\" data-testid=\"richTextElement\" data-motion-enter=\"done\"><h2 class=\"font_5 wixui-rich-text__text\"><span class=\"wixui-rich-text__text\">Licencia de Uso<\/span><\/h2><\/div><div id=\"comp-lk8sdstl\" class=\"ku3DBC zQ9jDz qvSjx3 Vq6kJx comp-lk8sdstl wixui-rich-text\" data-testid=\"richTextElement\" data-motion-enter=\"done\"><p class=\"font_8 wixui-rich-text__text\">Salvo que se indique lo contrario, Corax Solutions y\/o sus licenciantes poseen los derechos de propiedad intelectual de todo el material en Corax Solutions. Todos los derechos de propiedad intelectual est\u00e1n reservados. Puedes acceder a esto desde Corax Solutions para tu uso personal sujeto a las restricciones establecidas en estos t\u00e9rminos y condiciones.<\/p><p class=\"font_8 wixui-rich-text__text\">No debes:<\/p><p class=\"font_8 wixui-rich-text__text\"><span class=\"wixGuard wixui-rich-text__text\">\u200b<\/span><\/p><ul class=\"font_8 wixui-rich-text__text\"><li class=\"wixui-rich-text__text\"><p class=\"font_8 wixui-rich-text__text\">Republicar material de Corax Solutions<\/p><\/li><li class=\"wixui-rich-text__text\"><p class=\"font_8 wixui-rich-text__text\">Vender, alquilar o sub-licenciar material de Corax Solutions<\/p><\/li><li class=\"wixui-rich-text__text\"><p class=\"font_8 wixui-rich-text__text\">Reproducir, duplicar o copiar material de Corax Solutions<\/p><\/li><li class=\"wixui-rich-text__text\"><p class=\"font_8 wixui-rich-text__text\">Redistribuir contenido de Corax Solutions<\/p><\/li><\/ul><p class=\"font_8 wixui-rich-text__text\"><span class=\"wixGuard wixui-rich-text__text\">\u200b<\/span><\/p><p class=\"font_8 wixui-rich-text__text\">Este Acuerdo comenzar\u00e1 en la fecha en que se acceda por primera vez al sitio.<\/p><p class=\"font_8 wixui-rich-text__text\"><span class=\"wixGuard wixui-rich-text__text\">\u200b<\/span><\/p><p class=\"font_8 wixui-rich-text__text\">Partes de este sitio web ofrecen una oportunidad para que los usuarios publiquen y intercambien opiniones e informaci\u00f3n en ciertas \u00e1reas. Corax Solutions no filtra, edita, publica ni revisa los comentarios antes de su presencia en el sitio web. Los comentarios no reflejan los puntos de vista y opiniones de Corax Solutions, sus agentes y\/o afiliados. Los comentarios reflejan los puntos de vista y opiniones de la persona que publica sus puntos de vista y opiniones. En la medida permitida por las leyes aplicables, Corax Solutions no ser\u00e1 responsable de los comentarios o por cualquier responsabilidad, da\u00f1os o gastos causados y\/o sufridos como resultado de cualquier uso y\/o publicaci\u00f3n y\/o apariencia de los comentarios en este sitio web.<\/p><p class=\"font_8 wixui-rich-text__text\"><span class=\"wixGuard wixui-rich-text__text\">\u200b<\/span><\/p><p class=\"font_8 wixui-rich-text__text\">Corax Solutions se reserva el derecho de monitorear todos los comentarios y eliminar cualquier comentario que pueda considerarse inapropiado, ofensivo o que cause incumplimiento de estos T\u00e9rminos y Condiciones.<\/p><\/div><div id=\"comp-lk8seep5\" class=\"ku3DBC zQ9jDz qvSjx3 Vq6kJx comp-lk8seep5 wixui-rich-text\" data-testid=\"richTextElement\" data-motion-enter=\"done\"><h2 class=\"font_5 wixui-rich-text__text\"><span class=\"wixui-rich-text__text\">Modificaciones<\/span><\/h2><\/div><div id=\"comp-lk8sfpos\" class=\"ku3DBC zQ9jDz qvSjx3 Vq6kJx comp-lk8sfpos wixui-rich-text\" data-testid=\"richTextElement\" data-motion-enter=\"done\"><p class=\"font_8 wixui-rich-text__text\">Corax Solutions se reserva el derecho de revisar estos t\u00e9rminos y condiciones en cualquier momento que considere oportuno, y al usar este sitio web se espera que revises estos t\u00e9rminos y condiciones regularmente.<\/p><\/div><div id=\"comp-luzz90dk\" class=\"ku3DBC zQ9jDz qvSjx3 Vq6kJx comp-luzz90dk wixui-rich-text\" data-testid=\"richTextElement\" data-motion-enter=\"done\"><h2 class=\"font_5 wixui-rich-text__text\"><span class=\"wixui-rich-text__text\">Asignaci\u00f3n<\/span><\/h2><\/div><div id=\"comp-luzz9csy\" class=\"ku3DBC zQ9jDz qvSjx3 Vq6kJx comp-luzz9csy wixui-rich-text\" data-testid=\"richTextElement\" data-motion-enter=\"done\"><p class=\"font_8 wixui-rich-text__text\">Corax Solutions tiene permitido asignar, transferir y subcontratar sus derechos y\/o obligaciones bajo estos t\u00e9rminos y condiciones sin ninguna notificaci\u00f3n. Sin embargo, no tienes permitido asignar, transferir o subcontratar ninguno de tus derechos y\/o obligaciones bajo estos t\u00e9rminos y condiciones.<\/p><\/div><div id=\"comp-luzz9sxa\" class=\"ku3DBC zQ9jDz qvSjx3 Vq6kJx comp-luzz9sxa wixui-rich-text\" data-testid=\"richTextElement\" data-motion-enter=\"done\"><h2 class=\"font_5 wixui-rich-text__text\"><span class=\"wixui-rich-text__text\">Acuerdo Completo<\/span><\/h2><\/div><div id=\"comp-luzza5tr\" class=\"ku3DBC zQ9jDz qvSjx3 Vq6kJx comp-luzza5tr wixui-rich-text\" data-testid=\"richTextElement\" data-motion-enter=\"done\"><p class=\"font_8 wixui-rich-text__text\">Estos t\u00e9rminos y condiciones, incluyendo cualquier aviso legal y pol\u00edticas publicadas en este sitio web, constituyen el acuerdo completo entre Corax Solutions y t\u00fa en relaci\u00f3n con el uso de este sitio web, y sustituyen a todos los acuerdos y entendimientos anteriores relacionados con el mismo.<\/p><\/div><div id=\"comp-luzzamdj\" class=\"ku3DBC zQ9jDz qvSjx3 Vq6kJx comp-luzzamdj wixui-rich-text\" data-testid=\"richTextElement\" data-motion-enter=\"done\"><h2 class=\"font_5 wixui-rich-text__text\"><span class=\"wixui-rich-text__text\">Ley Gobernante y Jurisdicci\u00f3n<\/span><\/h2><\/div><div id=\"comp-luzzatmw\" class=\"ku3DBC zQ9jDz qvSjx3 Vq6kJx comp-luzzatmw wixui-rich-text\" data-testid=\"richTextElement\" data-motion-enter=\"done\"><p class=\"font_8 wixui-rich-text__text\">Estos t\u00e9rminos y condiciones se regir\u00e1n e interpretar\u00e1n de acuerdo con las leyes de M\u00e9xico, y t\u00fa te sometes a la jurisdicci\u00f3n no exclusiva de los tribunales estatales y federales ubicados en M\u00e9xico para la resoluci\u00f3n de cualquier disputa.<\/p><\/div>\t\t\t\t\t\t\t\t<\/div>\n\t\t\t\t\t<\/div>\n\t\t\t\t<\/div>\n\t\t\t\t<\/div>","protected":false},"excerpt":{"rendered":"<p>T\u00e9rminos y Condiciones \u00a0 A legal disclaimer Bienvenido a\u00a0www.coraxsolutions.com \u200b Estos t\u00e9rminos y condiciones describen las reglas y regulaciones para el uso del sitio web de Corax Solutions, ubicado en www.coraxsolutions.com. \u200b Al acceder a este sitio web asumimos que aceptas estos t\u00e9rminos y condiciones. No contin\u00faes usando Corax Solutions si no est\u00e1s de acuerdo [&hellip;]<\/p>\n","protected":false},"author":2,"featured_media":0,"parent":0,"menu_order":0,"comment_status":"closed","ping_status":"closed","template":"elementor_canvas","meta":{"_eb_attr":"","content-type":"","_monsterinsights_skip_tracking":false,"_monsterinsights_sitenote_active":false,"_monsterinsights_sitenote_note":"","_monsterinsights_sitenote_category":0,"_joinchat":[],"footnotes":""},"class_list":["post-8473","page","type-page","status-publish","hentry"],"_hostinger_reach_plugin_has_subscription_block":false,"_hostinger_reach_plugin_is_elementor":false,"_links":{"self":[{"href":"https:\/\/coraxsolutions.com\/en\/wp-json\/wp\/v2\/pages\/8473","targetHints":{"allow":["GET"]}}],"collection":[{"href":"https:\/\/coraxsolutions.com\/en\/wp-json\/wp\/v2\/pages"}],"about":[{"href":"https:\/\/coraxsolutions.com\/en\/wp-json\/wp\/v2\/types\/page"}],"author":[{"embeddable":true,"href":"https:\/\/coraxsolutions.com\/en\/wp-json\/wp\/v2\/users\/2"}],"replies":[{"embeddable":true,"href":"https:\/\/coraxsolutions.com\/en\/wp-json\/wp\/v2\/comments?post=8473"}],"version-history":[{"count":0,"href":"https:\/\/coraxsolutions.com\/en\/wp-json\/wp\/v2\/pages\/8473\/revisions"}],"wp:attachment":[{"href":"https:\/\/coraxsolutions.com\/en\/wp-json\/wp\/v2\/media?parent=8473"}],"curies":[{"name":"wp","href":"https:\/\/api.w.org\/{rel}","templated":true}]}}